{"id":93,"date":"2023-12-04T14:44:50","date_gmt":"2023-12-04T13:44:50","guid":{"rendered":"https:\/\/djggg.info\/?page_id=93"},"modified":"2025-03-04T14:38:51","modified_gmt":"2025-03-04T13:38:51","slug":"impressum","status":"publish","type":"page","link":"https:\/\/djggg.info\/?page_id=93","title":{"rendered":"IMPRESSUM"},"content":{"rendered":"<div class='flex_column av-12xs9-a3ed436d460575398b736ca624c48d45 av_one_full  avia-builder-el-0  avia-builder-el-no-sibling  first flex_column_div '     ><p>\n<style type=\"text\/css\" data-created_by=\"avia_inline_auto\" id=\"style-css-av-lorns1pp-c7526b1844b5b64ccfe8fac1aab12033\">\n#top .av-special-heading.av-lorns1pp-c7526b1844b5b64ccfe8fac1aab12033{\npadding-bottom:10px;\ncolor:#ce2c29;\n}\nbody .av-special-heading.av-lorns1pp-c7526b1844b5b64ccfe8fac1aab12033 .av-special-heading-tag .heading-char{\nfont-size:25px;\n}\n.av-special-heading.av-lorns1pp-c7526b1844b5b64ccfe8fac1aab12033 .special-heading-inner-border{\nborder-color:#ce2c29;\n}\n.av-special-heading.av-lorns1pp-c7526b1844b5b64ccfe8fac1aab12033 .av-subheading{\nfont-size:15px;\n}\n<\/style>\n<div  class='av-special-heading av-lorns1pp-c7526b1844b5b64ccfe8fac1aab12033 av-special-heading-h3 custom-color-heading blockquote modern-quote  avia-builder-el-1  el_before_av_textblock  avia-builder-el-first '><h3 class='av-special-heading-tag'  itemprop=\"headline\"  >Impressum<\/h3><div class=\"special-heading-border\"><div class=\"special-heading-inner-border\"><\/div><\/div><\/div><br \/>\n<section  class='av_textblock_section av-lpqs630s-67d211ac75a0fb7ff168e096ffba5808'  itemscope=\"itemscope\" itemtype=\"https:\/\/schema.org\/CreativeWork\" ><div class='avia_textblock'  itemprop=\"text\" ><div style=\"text-align: center;\">\n<p style=\"text-align: left;\">Deutsch-Japanische Gesellschaft f\u00fcr Gyn\u00e4kologie und Geburtshilfe e.V.<\/p>\n<p style=\"text-align: left;\">Stand: M\u00e4rz 2025<br \/>\nAmtsgericht: Bonn<br \/>\nRegisternummer: VR 9837<\/p>\n<p style=\"text-align: left;\">Herausgeber der Homepage:<br \/>\nDeutsch-Japanische Gesellschaft f\u00fcr Gyn\u00e4kologie und Geburtshilfe e.V.<br \/>\n(www.djggg.info)<\/p>\n<p style=\"text-align: left;\">Vertretungsberechtigt im Sinn des \u00a76 Teledienstgesetzes:<br \/>\n1. Vorsitzender der Deutsch-Japanischen Gesellschaft f\u00fcr Gyn\u00e4kologie und Geburtshilfe e.V. (inhaltlich verantwortlich gem\u00e4\u00df \u00a7 6 MDStV)<\/p>\n<p style=\"text-align: left;\">Univ.-Prof. Dr. W. C. Kuhn<br \/>\nFrauenklinik<br \/>\nDonau Isar Klinikum Deggendorf<br \/>\nPerlasberger Str. 41<br \/>\n94469 Deggendorf<br \/>\nsek.frauenklinik.deg@donau-isar-klinikum.de<\/p>\n<p style=\"text-align: left;\">Google Analytics<br \/>\nDiese Website benutzt Google Analytics, einen Webanalysedienst der Google Inc. (&#8222;Google\u201c). Google Analytics verwendet sog. &#8222;Cookies&#8220;, Textdateien, die auf Ihrem Computer gespeichert werden und die eine Analyse der Benutzung der Website durch Sie erm\u00f6glicht. Die durch den Cookie erzeugten Informationen \u00fcber Ihre Benutzung diese Website (einschlie\u00dflich Ihrer IP-Adresse) wird an einen Server von Google in den USA \u00fcbertragen und dort gespeichert. Google wird diese Informationen benutzen, um Ihre Nutzung der Website auszuwerten, um Reports \u00fcber die Websiteaktivit\u00e4ten f\u00fcr die Websitebetreiber zusammenzustellen und um weitere mit der Websitenutzung und der Internetnutzung verbundene Dienstleistungen zu erbringen. Auch wird Google diese Informationen gegebenenfalls an Dritte \u00fcbertragen, sofern dies gesetzlich vorgeschrieben ist oder soweit Dritte diese Daten im Auftrag von Google verarbeiten. Google wird in keinem Fall Ihre IP-Adresse mit anderen Daten von Google in Verbindung bringen. Sie k\u00f6nnen die Installation der Cookies durch eine entsprechende Einstellung Ihrer Browser-Software verhindern; wir weisen Sie jedoch darauf hin, dass Sie in diesem Fall gegebenenfalls nicht s\u00e4mtliche Funktionen dieser Website voll umf\u00e4nglich nutzen k\u00f6nnen. Durch die Nutzung dieser Website erkl\u00e4ren Sie sich mit der Bearbeitung der \u00fcber Sie erhobenen Daten durch Google in der zuvor beschriebenen Art und Weise und zu dem zuvor benannten Zweck einverstanden.<\/p>\n<\/div>\n<\/div><\/section><\/p><\/div>\n","protected":false},"excerpt":{"rendered":"","protected":false},"author":1,"featured_media":0,"parent":0,"menu_order":0,"comment_status":"closed","ping_status":"closed","template":"","meta":{"footnotes":""},"class_list":["post-93","page","type-page","status-publish","hentry"],"_links":{"self":[{"href":"https:\/\/djggg.info\/index.php?rest_route=\/wp\/v2\/pages\/93","targetHints":{"allow":["GET"]}}],"collection":[{"href":"https:\/\/djggg.info\/index.php?rest_route=\/wp\/v2\/pages"}],"about":[{"href":"https:\/\/djggg.info\/index.php?rest_route=\/wp\/v2\/types\/page"}],"author":[{"embeddable":true,"href":"https:\/\/djggg.info\/index.php?rest_route=\/wp\/v2\/users\/1"}],"replies":[{"embeddable":true,"href":"https:\/\/djggg.info\/index.php?rest_route=%2Fwp%2Fv2%2Fcomments&post=93"}],"version-history":[{"count":2,"href":"https:\/\/djggg.info\/index.php?rest_route=\/wp\/v2\/pages\/93\/revisions"}],"predecessor-version":[{"id":192,"href":"https:\/\/djggg.info\/index.php?rest_route=\/wp\/v2\/pages\/93\/revisions\/192"}],"wp:attachment":[{"href":"https:\/\/djggg.info\/index.php?rest_route=%2Fwp%2Fv2%2Fmedia&parent=93"}],"curies":[{"name":"wp","href":"https:\/\/api.w.org\/{rel}","templated":true}]}}