{"id":86,"date":"2023-12-04T14:36:28","date_gmt":"2023-12-04T13:36:28","guid":{"rendered":"https:\/\/djggg.info\/?page_id=86"},"modified":"2023-12-07T16:19:07","modified_gmt":"2023-12-07T15:19:07","slug":"satzung","status":"publish","type":"page","link":"https:\/\/djggg.info\/?page_id=86","title":{"rendered":"SATZUNG"},"content":{"rendered":"<div class='flex_column av-12xs9-a3ed436d460575398b736ca624c48d45 av_one_full  avia-builder-el-0  avia-builder-el-no-sibling  first flex_column_div '     ><p>\n<style type=\"text\/css\" data-created_by=\"avia_inline_auto\" id=\"style-css-av-lorns1pp-7e47060ea4a188a78b11265ca50ed9ed\">\n#top .av-special-heading.av-lorns1pp-7e47060ea4a188a78b11265ca50ed9ed{\npadding-bottom:10px;\ncolor:#ce2c29;\n}\nbody .av-special-heading.av-lorns1pp-7e47060ea4a188a78b11265ca50ed9ed .av-special-heading-tag .heading-char{\nfont-size:25px;\n}\n.av-special-heading.av-lorns1pp-7e47060ea4a188a78b11265ca50ed9ed .special-heading-inner-border{\nborder-color:#ce2c29;\n}\n.av-special-heading.av-lorns1pp-7e47060ea4a188a78b11265ca50ed9ed .av-subheading{\nfont-size:15px;\n}\n<\/style>\n<div  class='av-special-heading av-lorns1pp-7e47060ea4a188a78b11265ca50ed9ed av-special-heading-h3 custom-color-heading blockquote modern-quote modern-centered  avia-builder-el-1  el_before_av_textblock  avia-builder-el-first '><h3 class='av-special-heading-tag'  itemprop=\"headline\"  >Satzung<\/h3><div class=\"special-heading-border\"><div class=\"special-heading-inner-border\"><\/div><\/div><\/div><br \/>\n<section  class='av_textblock_section av-lpqs630s-67d211ac75a0fb7ff168e096ffba5808'  itemscope=\"itemscope\" itemtype=\"https:\/\/schema.org\/CreativeWork\" ><div class='avia_textblock'  itemprop=\"text\" ><div style=\"text-align: center;\"><strong>\u00a7 1<\/strong><\/div>\n<div style=\"text-align: center;\">\u00a0 \u00a0 \u00a0 <strong>Name und Sitz(Stand 6\/2014)<\/strong><\/div>\n<div style=\"text-align: center;\"><\/div>\n<div style=\"text-align: center;\">\u00a0 \u00a0 (1) Der Verein f\u00fchrt den Namen<\/div>\n<div style=\"text-align: center;\">\u201eVerein der Freunde und F\u00f6rderer der Deutsch-Japanischen Zusammenarbeit auf dem Gebiet der Gyn\u00e4kologie und Geburtshilfe.\u201c<\/div>\n<div style=\"text-align: center;\"><\/div>\n<div style=\"text-align: center;\">\u00a0 \u00a0 (2) Er f\u00fchrt nach Eintragung in das Vereinsregister den Namenszusatz<\/div>\n<div style=\"text-align: center;\">\u201eeingetragener Verein\u201c in der abgek\u00fcrzten Form \u201ee. V.\u201c.<\/div>\n<div style=\"text-align: center;\"><\/div>\n<div style=\"text-align: center;\">\u00a0 \u00a0 (3) Der Verein hat seinen Sitz in Bonn.<\/div>\n<div style=\"text-align: center;\"><\/div>\n<div>\n<hr \/>\n<\/div>\n<div style=\"text-align: center;\"><strong>\u00a7 2<\/strong><\/div>\n<div style=\"text-align: center;\"><strong>Zweck und T\u00e4tigkeit<\/strong><\/div>\n<div style=\"text-align: center;\"><\/div>\n<div style=\"text-align: center;\">(1) Der Verein verfolgt ausschlie\u00dflich und unmittelbar gemeinn\u00fctzige Zwecke im Sinne des Abschnittes \u201eSteuerbeg\u00fcnstigte Zwecke\u201c der Abgabenordnung. Zweck des Vereins ist die F\u00f6rderung der Wissenschaft und Forschung und fachlichen Bildung auf dem Gebiet der Gyn\u00e4kologie und Geburtshilfe sowie der \u00f6ffentlichen Gesundheitspflege im Sinne von Fr\u00fcherkennung und fr\u00fchzeitiger Therapie gyn\u00e4kologischer und geburtshilflicher Krankheitsbilder.<\/div>\n<div style=\"text-align: center;\"><\/div>\n<div style=\"text-align: center;\">(2) Der Verein verwirklicht ferner seinen Zweck durch folgende Ma\u00dfnahmen:<\/div>\n<div style=\"text-align: center;\"><\/div>\n<div style=\"text-align: center;\">\u00a0 \u00a0 a) Durchf\u00fchrung von Forschungsvorhaben auf dem Gebiet der speziellen Frauenerkrankungen, insbesondere in den Bereichen gyn\u00e4kologische Onkologie (Krebsbehandlung), Schwangerschaftspathologie (Erkrankungen w\u00e4hrend der Schwangerschaft) und endokrinologische (hormonelle) Erkrankung der Frau.<\/div>\n<div style=\"text-align: center;\"><\/div>\n<div style=\"text-align: center;\">b) Ver\u00f6ffentlichung der Forschungsergebnisse insbesondere in englisch-sprachigen internationalen, wissenschaftlichen Zeitschriften unmittelbar nach Abschluss der Forschungsprojekte und vereinsinterner Analyse und Bearbeitung der Forschungsdaten.<\/div>\n<div style=\"text-align: center;\"><\/div>\n<div style=\"text-align: center;\">c) Zusammenarbeit mit nationalen und internationalen gemeinn\u00fctzigen Vereinigungen insbesondere den Japanischen Vereinigungen mit gleicher Zielsetzung.<\/div>\n<div style=\"text-align: center;\"><\/div>\n<div style=\"text-align: center;\">d) Durchf\u00fchrung von Seminaren, Organisation von Gastvortr\u00e4gen und Austauschprogrammen, insbesondere von Deutschen und Japanischen Kliniken und Wissenschaftlern mit dem Schwerpunkt \u201eGyn\u00e4kologie und Geburtshilfe.\u201c<\/div>\n<div style=\"text-align: center;\"><\/div>\n<div style=\"text-align: center;\">e) Planung und Durchf\u00fchrung Deutsch-Japanischer Forschungsprojekte auf dem Gebiet der Gyn\u00e4kologie und Geburtshilfe.<\/div>\n<div style=\"text-align: center;\"><\/div>\n<div style=\"text-align: center;\">f.)\u00a0 Zur Erf\u00fcllung seiner Aufgaben wird sich der Verein Hilfspersonen im Sinne von \u00a7 57 Abs. I Satz 2 AO bedienen, soweit er die Aufgaben nicht selbst wahrnimmt.<\/div>\n<div style=\"text-align: center;\"><\/div>\n<div style=\"text-align: center;\">(3) Der Verein ist selbstlos t\u00e4tig, er verfolgt nicht in erster Linie eigenwirtschaftliche Zwecke. F\u00fcr die Erf\u00fcllung der satzungsm\u00e4\u00dfigen Zwecke sollen geeignete Mittel durch Beitr\u00e4ge, Umlagen und Spendenzusch\u00fcsse eingesetzt werden.<\/div>\n<div style=\"text-align: center;\"><\/div>\n<div style=\"text-align: center;\">(4) Mittel des Vereins d\u00fcrfen nur f\u00fcr satzungsm\u00e4\u00dfige Zwecke verwendet werden.<\/div>\n<div style=\"text-align: center;\"><\/div>\n<div style=\"text-align: center;\">(5) Die Mitglieder des Vereins erhalten keine Zuwendung aus Mitteln des Vereins.<\/div>\n<div style=\"text-align: center;\"><\/div>\n<div style=\"text-align: center;\">(6) Es darf keine Person durch Ausgaben die dem Zweck des Vereins fremd sind oder durch unverh\u00e4ltnism\u00e4\u00dfig hohe Verg\u00fctung beg\u00fcnstigt werden.<\/div>\n<div style=\"text-align: center;\"><\/div>\n<div>\n<hr \/>\n<\/div>\n<div style=\"text-align: center;\"><strong>\u00a7 3<\/strong><\/div>\n<div style=\"text-align: center;\"><strong>Eintritt der Mitglieder<\/strong><\/div>\n<div style=\"text-align: center;\"><\/div>\n<div style=\"text-align: center;\">(1) Mitglied des Vereins kann jede voll gesch\u00e4ftsf\u00e4hige nat\u00fcrliche und juristische Person werden.<\/div>\n<div style=\"text-align: center;\"><\/div>\n<div style=\"text-align: center;\">(2) Ordentliche und f\u00f6rdernde Mitglieder sind zugelassen.<\/div>\n<div style=\"text-align: center;\"><\/div>\n<div style=\"text-align: center;\">(3) Ein nicht rechtsf\u00e4higer Verein wird nicht als Mitglied aufgenommen.<\/div>\n<div style=\"text-align: center;\"><\/div>\n<div style=\"text-align: center;\">(4) Die Mitgliedschaft entsteht durch Eintritt in den Verein.<\/div>\n<div style=\"text-align: center;\"><\/div>\n<div style=\"text-align: center;\">(5) Die Beitrittserkl\u00e4rung ist schriftlich vorzulegen.<\/div>\n<div style=\"text-align: center;\"><\/div>\n<div style=\"text-align: center;\">(6) \u00dcber die Aufnahme entscheidet der Vorstand.<\/div>\n<div style=\"text-align: center;\"><\/div>\n<div style=\"text-align: center;\">(7) Der Eintritt wird mit Aush\u00e4ndigung einer schriftlichen Aufnahmeerkl\u00e4rung wirksam.<\/div>\n<div style=\"text-align: center;\"><\/div>\n<div style=\"text-align: center;\">(8) Die Ablehnung der Aufnahme durch den Vorstand ist nicht anfechtbar.<\/div>\n<div style=\"text-align: center;\"><\/div>\n<div style=\"text-align: center;\">(9) Eine Aufnahmepflicht besteht nicht.<\/div>\n<div style=\"text-align: center;\"><\/div>\n<div style=\"text-align: center;\">(10) Ordentliche Mitglieder zahlen einen j\u00e4hrlichen Mitgliederbeitrag, die Beitr\u00e4ge der f\u00f6rdernden Mitglieder werden nicht festgelegt.<\/div>\n<div style=\"text-align: center;\"><\/div>\n<div>\n<hr \/>\n<\/div>\n<div style=\"text-align: center;\"><strong>\u00a7 4<\/strong><\/div>\n<div style=\"text-align: center;\"><strong>Austritt der Mitglieder<\/strong><\/div>\n<div style=\"text-align: center;\"><\/div>\n<div style=\"text-align: center;\">(1) Die Mitglieder sind zum Austritt aus dem Verein berechtigt.<\/div>\n<div style=\"text-align: center;\"><\/div>\n<div style=\"text-align: center;\">(2) Der Austritt ist unter Einhaltung einer K\u00fcndigungsfrist von 4 Wochen nur zum Schluss eines Kalendervierteljahres zul\u00e4ssig.<\/div>\n<div style=\"text-align: center;\"><\/div>\n<div style=\"text-align: center;\">(3) Der Austritt ist dem Vorstand schriftlich zu erkl\u00e4ren, zur Einhaltung der K\u00fcndigungsfrist (Absatz 2) ist ein rechtzeitiger Zugang der Austrittserkl\u00e4rung an alle Mitglieder des Vorstandes erforderlich.<\/div>\n<div style=\"text-align: center;\"><\/div>\n<div>\n<hr \/>\n<\/div>\n<div style=\"text-align: center;\"><strong>\u00a7 5<\/strong><\/div>\n<div style=\"text-align: center;\"><strong>Ausschluss der Mitglieder<\/strong><\/div>\n<div style=\"text-align: center;\"><\/div>\n<div style=\"text-align: center;\">(1) Die Mitgliedschaft endet au\u00dferdem durch Ausschluss.<\/div>\n<div style=\"text-align: center;\"><\/div>\n<div style=\"text-align: center;\">(2) Der Ausschluss aus dem Verein ist nur bei wichtigem Grund zul\u00e4ssig.<\/div>\n<div style=\"text-align: center;\"><\/div>\n<div style=\"text-align: center;\">(3) \u00dcber den Ausschluss entscheidet auf Antrag des Vorstandes die Mitgliederversammlung.<\/div>\n<div style=\"text-align: center;\"><\/div>\n<div style=\"text-align: center;\">(4) Der Vorstand hat seinen Antrag dem auszuschlie\u00dfenden Mitglied mindestens 2 Wochen vor der Versammlung mitzuteilen.<\/div>\n<div style=\"text-align: center;\"><\/div>\n<div style=\"text-align: center;\">(5) Eine schriftlich eingehende Stellungnahme des Mitglieds ist in der \u00fcber den Ausschluss entscheidenden Versammlung zu verlesen.<\/div>\n<div style=\"text-align: center;\"><\/div>\n<div style=\"text-align: center;\">(6) Der Ausschluss eines Mitglieds wird sofort mit der Beschlussfassung wirksam.<\/div>\n<div style=\"text-align: center;\"><\/div>\n<div style=\"text-align: center;\">(7) Der Ausschluss soll mit dem Mitglied, wenn es bei Beschlussfassung nicht anwesend war, durch den Vorstand unverz\u00fcglich eingeschrieben bekannt gemacht werden.<\/div>\n<div style=\"text-align: center;\"><\/div>\n<div>\n<hr \/>\n<\/div>\n<div style=\"text-align: center;\"><strong>\u00a7 6<\/strong><\/div>\n<div style=\"text-align: center;\"><strong>Organe des Vereins sind<\/strong><\/div>\n<div style=\"text-align: center;\"><\/div>\n<div style=\"text-align: center;\">a) der Vorstand (\u00a7 8 und 9 der Satzung).<\/div>\n<div style=\"text-align: center;\"><\/div>\n<div style=\"text-align: center;\">b) der wissenschaftliche Beirat (\u00a710).<\/div>\n<div style=\"text-align: center;\"><\/div>\n<div style=\"text-align: center;\">c) die Mitgliederversammlung (\u00a711- \u00a714 der Satzung).<\/div>\n<div style=\"text-align: center;\"><\/div>\n<div style=\"text-align: center;\">\n<hr \/>\n<\/div>\n<div style=\"text-align: center;\"><strong>\u00a0 \u00a0\u00a7 7<br \/>\n<\/strong><strong>Vorstand<\/strong><\/div>\n<div style=\"text-align: center;\"><\/div>\n<div style=\"text-align: center;\">(1) Der Vorstand (\u00a7 26 BGB) besteht aus dem 1. Vorsitzenden, dem Stellvertreter sowie dem Schatzmeister.<\/div>\n<div style=\"text-align: center;\"><\/div>\n<div style=\"text-align: center;\">(2) Der 1. Vorsitzende allein oder sonst je 2 Vorstandsmitglieder sind zur Vertretung befugt.<\/div>\n<div style=\"text-align: center;\"><\/div>\n<div style=\"text-align: center;\">(3) Der Vorstand wird durch Beschluss der Mitgliederversammlung auf die Dauer von 4 Jahren bestellt, Wiederwahlen sind m\u00f6glich. Nach einvernehmlicher Abstimmung innerhalb des Vorstandes erfolgt die Bestellung des 1. Vorsitzenden, des Stellvertreters sowie des Schatzmeisters.<\/div>\n<div style=\"text-align: center;\"><\/div>\n<div style=\"text-align: center;\">(4) Das Amt des Mitglieds des Vorstandes endet mit seinem Ausscheiden aus dem Verein.<\/div>\n<div style=\"text-align: center;\"><\/div>\n<div style=\"text-align: center;\">(5) Verschiedene Vorstands\u00e4mter k\u00f6nnen nicht in einer Person vereinigt werden.<\/div>\n<div style=\"text-align: center;\"><\/div>\n<div>\n<hr \/>\n<\/div>\n<div style=\"text-align: center;\"><strong>\u00a7 8<\/strong><\/div>\n<div style=\"text-align: center;\"><strong>Wissenschaftlicher Beirat<\/strong><\/div>\n<div style=\"text-align: center;\"><\/div>\n<div style=\"text-align: center;\">(1) In den wissenschaftlichen Beirat kann jede Person von dem Vereinsvorstand berufen werden, die aufgrund besonderer Expertise geeignet ist, die Ziele des Vereins nachhaltig umzusetzen.<\/div>\n<div style=\"text-align: center;\"><\/div>\n<div style=\"text-align: center;\">(2) Die Mitglieder des wissenschaftlichen Beirates werden f\u00fcr eine Dauer von 4 Jahren bestellt, die Mitgliedschaft in dem wissenschaftlichen Beirat kann durch den Vorstand verl\u00e4ngert werden.<\/div>\n<div>\n<hr \/>\n<\/div>\n<div style=\"text-align: center;\"><\/div>\n<div style=\"text-align: center;\"><strong>\u00a7 9<br \/>\n<\/strong><strong>Berufung der Mitgliederversammlung<\/strong><\/div>\n<div style=\"text-align: center;\"><\/div>\n<div style=\"text-align: center;\">\u00a0Die Mitgliederversammlung ist zu berufen<\/div>\n<div style=\"text-align: center;\"><\/div>\n<div style=\"text-align: center;\">a) j\u00e4hrlich 1 x, m\u00f6glichst in den ersten 3 Monaten des Kalenderjahres mit<\/div>\n<div style=\"text-align: center;\">Vorlage des Jahresberichts und der Jahresabrechnung durch den Vorstand und Beschluss-<\/div>\n<div style=\"text-align: center;\">Fassung zur Entlastung des Vorstandes durch die Mitgliederversammlung.<\/div>\n<div style=\"text-align: center;\"><\/div>\n<div style=\"text-align: center;\">b) wenn es das Interesse des Vereins erfordert<\/div>\n<div style=\"text-align: center;\"><\/div>\n<div style=\"text-align: center;\">c) bei Ausscheiden eines Mitgliedes des Vorstandes binnen 3 Monaten.<\/div>\n<div style=\"text-align: center;\"><\/div>\n<div style=\"text-align: center;\"><\/div>\n<div>\n<hr \/>\n<\/div>\n<div style=\"text-align: center;\"><strong>\u00a7 10<\/strong><\/div>\n<div style=\"text-align: center;\"><strong>Form der Berufung<\/strong><\/div>\n<div style=\"text-align: center;\"><\/div>\n<div style=\"text-align: center;\">(1) Die Mitgliederversammlung ist vom Vorstand schriftlich unter Erhaltung einer Frist von 4 Wochen zu berufen.<\/div>\n<div style=\"text-align: center;\"><\/div>\n<div style=\"text-align: center;\">(2) Zur Beschlussfassung \u00fcber die Aufl\u00f6sung des Vereins (\u00a7 41 BGB) ist die<\/div>\n<div style=\"text-align: center;\">Anwesenheit von zwei Dritteln der Vereinsmitglieder erforderlich.<\/div>\n<div style=\"text-align: center;\"><\/div>\n<div style=\"text-align: center;\">(3) Die Frist beginnt mit dem Tag der Absendung der Einladung an die bekannte Mitgliederanschrift.<\/div>\n<div style=\"text-align: center;\"><\/div>\n<div>\n<hr \/>\n<\/div>\n<div style=\"text-align: center;\"><strong>\u00a7 11<br \/>\n<\/strong><strong>Beschluss<\/strong><\/div>\n<div style=\"text-align: center;\"><\/div>\n<div style=\"text-align: center;\">(1) Beschlussf\u00e4hig ist jede ordnungsgem\u00e4\u00df berufene Mitgliederversammlung.<\/div>\n<div style=\"text-align: center;\"><\/div>\n<div style=\"text-align: center;\">(2) Zur Beschlussfassung \u00fcber die Aufl\u00f6sung des Vereins (\u00a7 41 BGB) ist die Anwesenheit von zwei Drittel der Vereinsmitglieder erforderlich.<\/div>\n<div style=\"text-align: center;\"><\/div>\n<div style=\"text-align: center;\">(3) Ist eine zur Beschlussfassung \u00fcber die Aufl\u00f6sung des Vereins einberufene Mitgliederversammlung nach Absatz 2 nicht beschlussf\u00e4hig, so ist vor Ablauf von 4 Wochen seit dem Versammlungstag eine weitere Mitgliederversammlung mit derselben Tagesordnung einzuberufen.<\/div>\n<div style=\"text-align: center;\"><\/div>\n<div style=\"text-align: center;\">(4) Die Einladung zu einer weiteren Versammlung hat einen Hinweis auf die erleichterte Beschlussf\u00e4higkeit (Absatz 5) zu enthalten.<\/div>\n<div style=\"text-align: center;\"><\/div>\n<div style=\"text-align: center;\">(5) Die Neuversammlung ist ohne R\u00fccksicht auf die Zahl der erschienenen Vereinsmitglieder beschlussf\u00e4hig.<\/div>\n<div style=\"text-align: center;\"><\/div>\n<div style=\"text-align: center;\"><\/div>\n<div>\n<hr \/>\n<\/div>\n<div style=\"text-align: center;\"><strong>\u00a7 12<\/strong><\/div>\n<div style=\"text-align: center;\"><strong>Beschlussfassung<\/strong><\/div>\n<div style=\"text-align: center;\"><\/div>\n<div style=\"text-align: center;\">(1) Es wird durch Handzeichen abgestimmt. Auf Antrag von mindestens einem der Anwesenden ist schriftlich und geheim abzustimmen.<\/div>\n<div style=\"text-align: center;\"><\/div>\n<div style=\"text-align: center;\">(2) Bei Beschlussfassung entscheidet die einfache Mehrheit der erschienenen Mitglieder.<\/div>\n<div style=\"text-align: center;\"><\/div>\n<div style=\"text-align: center;\">(3) Zu einem Beschluss, der eine \u00c4nderung der Satzung enth\u00e4lt, ist eine Mehrheit von drei Viertel der erschienenen Mitglieder erforderlich.<\/div>\n<div style=\"text-align: center;\"><\/div>\n<div style=\"text-align: center;\">(4) Zur \u00c4nderung des Zwecks des Vereins (\u00a7 2 der Satzung) ist die Zustimmung aller Mitglieder erforderlich; die Zustimmung der nicht erschienenen Mitglieder muss schriftlich erfolgen.<\/div>\n<div style=\"text-align: center;\"><\/div>\n<div style=\"text-align: center;\">(5) Zur Beschlussfassung \u00fcber die Aufl\u00f6sung des Vereins (\u00a7 41 BGB) ist eine Mehrheit von vier F\u00fcnftel der erschienenen Mitglieder erforderlich.<\/div>\n<div style=\"text-align: center;\"><\/div>\n<div style=\"text-align: center;\"><\/div>\n<div>\n<hr \/>\n<\/div>\n<div style=\"text-align: center;\"><strong>\u00a7 13<\/strong><\/div>\n<div style=\"text-align: center;\"><strong>Beurkundung der Versammlungsbeschl\u00fcsse<\/strong><\/div>\n<div style=\"text-align: center;\"><\/div>\n<div style=\"text-align: center;\">(1) \u00dcber die in einer Versammlung erfassten Beschl\u00fcsse ist eine Niederschrift aufzunehmen.<\/div>\n<div style=\"text-align: center;\"><\/div>\n<div style=\"text-align: center;\">(2) Die Niederschrift ist von dem Vorsitzenden der Versammlung zu unterschreiben. Wenn mehrere Vorsitzende t\u00e4tig waren, unterzeichnet der letzte Versammlungsleiter die ganze Niederschrift.<\/div>\n<div style=\"text-align: center;\"><\/div>\n<div style=\"text-align: center;\">(3) Jedes Vereinsmitglied ist berechtigt, die Niederschrift einzusehen.<\/div>\n<div style=\"text-align: center;\"><\/div>\n<div style=\"text-align: center;\">\n<hr \/>\n<\/div>\n<div style=\"text-align: center;\"><strong>\u00a0 \u00a7 14<\/strong><\/div>\n<div style=\"text-align: center;\"><strong>Aufl\u00f6sung des Vereins<\/strong><\/div>\n<div style=\"text-align: center;\"><\/div>\n<div style=\"text-align: center;\">(1) Der Verein kann durch Beschluss der Mitgliederversammlung (\u00a7 14 Abs. 5 der Satzung) aufgel\u00f6st werden.<\/div>\n<div style=\"text-align: center;\">\u00a0 \u00a0 \u00a0 \u00a0 \u00a0 \u00a0 \u00a0 \u00a0 \u00a0 \u00a0 \u00a0 \u00a0 \u00a0 \u00a0 \u00a0 \u00a0 \u00a0 \u00a0 \u00a0 \u00a0 \u00a0 \u00a0 \u00a0 \u00a0 \u00a0 \u00a0 \u00a0 \u00a0 \u00a0 \u00a0 \u00a0 \u00a0 \u00a0 \u00a0 \u00a0 \u00a0 \u00a0 \u00a0 \u00a0 \u00a0 \u00a0 \u00a0 \u00a0 \u00a0 \u00a0 \u00a0 \u00a0 \u00a0 \u00a0 \u00a0 \u00a0 \u00a0 \u00a0 \u00a0 \u00a0 \u00a0 \u00a0 \u00a0 \u00a0 \u00a0 \u00a0 \u00a0 \u00a0 \u00a0 \u00a0 \u00a0 \u00a0 \u00a0 \u00a0 \u00a0 \u00a0 \u00a0 \u00a0 \u00a0 \u00a0 \u00a0 \u00a0 \u00a0 \u00a0 \u00a0 \u00a0 \u00a0 \u00a0 \u00a0 \u00a0(2) Die Liquidation erfolgt durch den Vorstand (\u00a7 8 der Satzung).<\/div>\n<div style=\"text-align: center;\"><\/div>\n<div style=\"text-align: center;\">(3) Bei Aufl\u00f6sung des Vereins oder bei Wegfall der steuerbeg\u00fcnstigten Zwecke f\u00e4llt das Verm\u00f6gen an die Deutsche Gesellschaft f\u00fcr Gyn\u00e4kologie und Geburtshilfe e.V., die es unmittelbar und ausschlie\u00dflich f\u00fcr gemeinn\u00fctzige Zwecke zu verwenden hat.<\/div>\n<div style=\"text-align: center;\"><\/div>\n<div style=\"text-align: center;\"><\/div>\n<div style=\"text-align: center;\"><\/div>\n<div style=\"text-align: center;\">Organisation\/Besonderheiten: blau unterlegte Begriffe werden jeweils mit den Links und Dokumenten versehen.<\/div>\n<div><\/div>\n<div style=\"text-align: center;\"><\/div>\n<\/div><\/section><\/p><\/div>\n","protected":false},"excerpt":{"rendered":"","protected":false},"author":1,"featured_media":0,"parent":0,"menu_order":0,"comment_status":"closed","ping_status":"closed","template":"","meta":{"footnotes":""},"class_list":["post-86","page","type-page","status-publish","hentry"],"_links":{"self":[{"href":"https:\/\/djggg.info\/index.php?rest_route=\/wp\/v2\/pages\/86","targetHints":{"allow":["GET"]}}],"collection":[{"href":"https:\/\/djggg.info\/index.php?rest_route=\/wp\/v2\/pages"}],"about":[{"href":"https:\/\/djggg.info\/index.php?rest_route=\/wp\/v2\/types\/page"}],"author":[{"embeddable":true,"href":"https:\/\/djggg.info\/index.php?rest_route=\/wp\/v2\/users\/1"}],"replies":[{"embeddable":true,"href":"https:\/\/djggg.info\/index.php?rest_route=%2Fwp%2Fv2%2Fcomments&post=86"}],"version-history":[{"count":5,"href":"https:\/\/djggg.info\/index.php?rest_route=\/wp\/v2\/pages\/86\/revisions"}],"predecessor-version":[{"id":99,"href":"https:\/\/djggg.info\/index.php?rest_route=\/wp\/v2\/pages\/86\/revisions\/99"}],"wp:attachment":[{"href":"https:\/\/djggg.info\/index.php?rest_route=%2Fwp%2Fv2%2Fmedia&parent=86"}],"curies":[{"name":"wp","href":"https:\/\/api.w.org\/{rel}","templated":true}]}}