{"id":83,"date":"2023-12-04T14:34:15","date_gmt":"2023-12-04T13:34:15","guid":{"rendered":"https:\/\/djggg.info\/?page_id=83"},"modified":"2025-10-31T08:48:27","modified_gmt":"2025-10-31T07:48:27","slug":"mitgliedschaft","status":"publish","type":"page","link":"https:\/\/djggg.info\/?page_id=83","title":{"rendered":"MITGLIEDSCHAFT"},"content":{"rendered":"<div class='flex_column av-12xs9-a3ed436d460575398b736ca624c48d45 av_three_fifth  avia-builder-el-0  el_before_av_two_fifth  avia-builder-el-first  first flex_column_div '     ><p>\n<style type=\"text\/css\" data-created_by=\"avia_inline_auto\" id=\"style-css-av-lorns1pp-0945eea7da15a458e5bcc08bb25146c3\">\n#top .av-special-heading.av-lorns1pp-0945eea7da15a458e5bcc08bb25146c3{\npadding-bottom:10px;\ncolor:#ce2c29;\n}\nbody .av-special-heading.av-lorns1pp-0945eea7da15a458e5bcc08bb25146c3 .av-special-heading-tag .heading-char{\nfont-size:25px;\n}\n.av-special-heading.av-lorns1pp-0945eea7da15a458e5bcc08bb25146c3 .special-heading-inner-border{\nborder-color:#ce2c29;\n}\n.av-special-heading.av-lorns1pp-0945eea7da15a458e5bcc08bb25146c3 .av-subheading{\nfont-size:15px;\n}\n<\/style>\n<div  class='av-special-heading av-lorns1pp-0945eea7da15a458e5bcc08bb25146c3 av-special-heading-h3 custom-color-heading blockquote modern-quote  avia-builder-el-1  el_before_av_textblock  avia-builder-el-first '><h3 class='av-special-heading-tag'  itemprop=\"headline\"  >Mitgliedschaft<\/h3><div class=\"special-heading-border\"><div class=\"special-heading-inner-border\"><\/div><\/div><\/div><br \/>\n<section  class='av_textblock_section av-lpqs630s-67d211ac75a0fb7ff168e096ffba5808'  itemscope=\"itemscope\" itemtype=\"https:\/\/schema.org\/CreativeWork\" ><div class='avia_textblock'  itemprop=\"text\" ><p>Wir freuen uns \u00fcber Ihr Interesse an einer Mitgliedschaft in der Deutsch-Japanischen Gesellschaft f\u00fcr Gyn\u00e4kologie und Geburtshilfe e.V.<br \/>\nZum Download des Antrages auf Mitgliedschaft klicken Sie bitte <a href=\"https:\/\/djggg.info\/wp-content\/uploads\/2024\/02\/Antrag-auf-Mitgliedschaft-DJGGG.pdf\" target=\"_blank\" rel=\"noopener\"><span style=\"text-decoration: underline;\">HIER<\/span><\/a>.<\/p>\n<p>Eine zusammenfassende Information \u00fcber den Verein, die Mitgliedschaft und die M\u00f6glichkeit unsere Arbeit zu unterst\u00fctzen, ist in unserem Flyer f\u00fcr Sie zusammengefasst.<\/p>\n<p>Sollten Sie sich f\u00fcr die Unterst\u00fctzung unseres Vereins durch eine Spende, die steuerrechtlich absetzbar ist, entscheiden, freuen wir uns auf Ihre \u00dcberweisung auf:<\/p>\n<p><strong>Deutsche Bank Bonn AG<\/strong><br \/>\n<strong>IBAN: DE 29380700240097863500<\/strong><br \/>\n<strong>BIC: DEUTDEDB 380<\/strong><\/p>\n<\/div><\/section><\/p><\/div>\n\n<style type=\"text\/css\" data-created_by=\"avia_inline_auto\" id=\"style-css-av-15nmh-ec5a65625e3004837c395b3f0683ff10\">\n.flex_column.av-15nmh-ec5a65625e3004837c395b3f0683ff10{\nborder-width:1px;\nborder-color:#b5b5b5;\nborder-style:solid;\npadding:20px 20px 20px 20px;\nbackground-color:#efefef;\n}\n<\/style>\n<div class='flex_column av-15nmh-ec5a65625e3004837c395b3f0683ff10 av_two_fifth  avia-builder-el-3  el_after_av_three_fifth  avia-builder-el-last  flex_column_div '     ><p>\n<style type=\"text\/css\" data-created_by=\"avia_inline_auto\" id=\"style-css-av-lornw7sg-68a78a86fc9abc6f7165a1da874205ca\">\n#top .av-special-heading.av-lornw7sg-68a78a86fc9abc6f7165a1da874205ca{\npadding-bottom:10px;\ncolor:#ce2c29;\n}\nbody .av-special-heading.av-lornw7sg-68a78a86fc9abc6f7165a1da874205ca .av-special-heading-tag .heading-char{\nfont-size:25px;\n}\n.av-special-heading.av-lornw7sg-68a78a86fc9abc6f7165a1da874205ca .special-heading-inner-border{\nborder-color:#ce2c29;\n}\n.av-special-heading.av-lornw7sg-68a78a86fc9abc6f7165a1da874205ca .av-subheading{\nfont-size:15px;\n}\n<\/style>\n<div  class='av-special-heading av-lornw7sg-68a78a86fc9abc6f7165a1da874205ca av-special-heading-h3 custom-color-heading blockquote modern-quote  avia-builder-el-4  el_before_av_textblock  avia-builder-el-first '><h3 class='av-special-heading-tag'  itemprop=\"headline\"  >KONTAKT<\/h3><div class=\"special-heading-border\"><div class=\"special-heading-inner-border\"><\/div><\/div><\/div><br \/>\n<section  class='av_textblock_section av-lornuisz-4dc231f7dbd7864539267f15550f70e2'  itemscope=\"itemscope\" itemtype=\"https:\/\/schema.org\/CreativeWork\" ><div class='avia_textblock'  itemprop=\"text\" ><p class=\"p2\"><strong><span class=\"s1\">Vereinssekretariat:<\/span><\/strong><\/p>\n<p class=\"p2\"><span class=\"s1\">Frauenklinik DONAUISAR Klinikum<br \/>\n<\/span>Fr. Y. W\u00fcrziger und Fr. O. Weber<br \/>\n<span class=\"s1\">Perlasberger Str. 41<span class=\"Apple-converted-space\"><br \/>\n<\/span><\/span><span class=\"s1\">94469 Deggendorf <\/span><\/p>\n<p class=\"p2\"><span class=\"s1\">TEL: 0991 380-3151<br \/>\n<\/span><span class=\"s1\">FAX: 0991 380-3169<\/span><\/p>\n<p class=\"p4\"><span class=\"s2\"><a href=\"mailto:sek.frauenklinik.deg@donau-isar-klinikum.de\">sek.frauenklinik.deg@donau-isar-klinikum.de<\/a><\/span><\/p>\n<p class=\"p4\">\n<p class=\"p4\">\n<\/div><\/section><\/p><\/div>\n","protected":false},"excerpt":{"rendered":"","protected":false},"author":1,"featured_media":0,"parent":0,"menu_order":0,"comment_status":"closed","ping_status":"closed","template":"","meta":{"footnotes":""},"class_list":["post-83","page","type-page","status-publish","hentry"],"_links":{"self":[{"href":"https:\/\/djggg.info\/index.php?rest_route=\/wp\/v2\/pages\/83","targetHints":{"allow":["GET"]}}],"collection":[{"href":"https:\/\/djggg.info\/index.php?rest_route=\/wp\/v2\/pages"}],"about":[{"href":"https:\/\/djggg.info\/index.php?rest_route=\/wp\/v2\/types\/page"}],"author":[{"embeddable":true,"href":"https:\/\/djggg.info\/index.php?rest_route=\/wp\/v2\/users\/1"}],"replies":[{"embeddable":true,"href":"https:\/\/djggg.info\/index.php?rest_route=%2Fwp%2Fv2%2Fcomments&post=83"}],"version-history":[{"count":5,"href":"https:\/\/djggg.info\/index.php?rest_route=\/wp\/v2\/pages\/83\/revisions"}],"predecessor-version":[{"id":209,"href":"https:\/\/djggg.info\/index.php?rest_route=\/wp\/v2\/pages\/83\/revisions\/209"}],"wp:attachment":[{"href":"https:\/\/djggg.info\/index.php?rest_route=%2Fwp%2Fv2%2Fmedia&parent=83"}],"curies":[{"name":"wp","href":"https:\/\/api.w.org\/{rel}","templated":true}]}}