{"id":78,"date":"2023-12-04T14:27:44","date_gmt":"2023-12-04T13:27:44","guid":{"rendered":"https:\/\/djggg.info\/?page_id=78"},"modified":"2025-10-31T08:48:12","modified_gmt":"2025-10-31T07:48:12","slug":"links","status":"publish","type":"page","link":"https:\/\/djggg.info\/?page_id=78","title":{"rendered":"LINKS"},"content":{"rendered":"<div class='flex_column av-12xs9-a3ed436d460575398b736ca624c48d45 av_three_fifth  avia-builder-el-0  el_before_av_two_fifth  avia-builder-el-first  first flex_column_div '     ><p>\n<style type=\"text\/css\" data-created_by=\"avia_inline_auto\" id=\"style-css-av-lorns1pp-1511b2860482455292d75e9e50fbc4b3\">\n#top .av-special-heading.av-lorns1pp-1511b2860482455292d75e9e50fbc4b3{\npadding-bottom:10px;\ncolor:#ce2c29;\n}\nbody .av-special-heading.av-lorns1pp-1511b2860482455292d75e9e50fbc4b3 .av-special-heading-tag .heading-char{\nfont-size:25px;\n}\n.av-special-heading.av-lorns1pp-1511b2860482455292d75e9e50fbc4b3 .special-heading-inner-border{\nborder-color:#ce2c29;\n}\n.av-special-heading.av-lorns1pp-1511b2860482455292d75e9e50fbc4b3 .av-subheading{\nfont-size:15px;\n}\n<\/style>\n<div  class='av-special-heading av-lorns1pp-1511b2860482455292d75e9e50fbc4b3 av-special-heading-h3 custom-color-heading blockquote modern-quote  avia-builder-el-1  el_before_av_textblock  avia-builder-el-first '><h3 class='av-special-heading-tag'  itemprop=\"headline\"  >LINKS<\/h3><div class=\"special-heading-border\"><div class=\"special-heading-inner-border\"><\/div><\/div><\/div><br \/>\n<section  class='av_textblock_section av-lpqs630s-67d211ac75a0fb7ff168e096ffba5808'  itemscope=\"itemscope\" itemtype=\"https:\/\/schema.org\/CreativeWork\" ><div class='avia_textblock'  itemprop=\"text\" ><p>Im Folgenden finden Sie Links zu den derzeitig im Vorstand vertretenen Zentren, Institutionen und den affilierten Gesellschaften.<\/p>\n<\/div><\/section><br \/>\n<section  class='av_textblock_section av-lpqy4wla-71bbe20b2401d2ece887a68d080cb3fe'  itemscope=\"itemscope\" itemtype=\"https:\/\/schema.org\/CreativeWork\" ><div class='avia_textblock'  itemprop=\"text\" ><p class=\"western\"><strong><span style=\"font-family: 'Times New Roman', serif; color: #000000;\"><span style=\"font-size: medium;\">\u00bb <\/span><\/span><\/strong><span style=\"color: #0000ff;\"><u><a href=\"https:\/\/www.donau-isar-klinikum.de\/kliniken-institute\/deggendorf\/operat.-gynkologie-gyn.-onkologie-geburtshilfe-perinatalzentrum\/\" target=\"_blank\" rel=\"noopener\"><span style=\"font-family: Times New Roman, serif;\"><span style=\"font-size: medium;\">Frauenklinik Deggendorf<\/span><\/span><\/a><\/u><\/span><\/p>\n<p class=\"western\"><span style=\"color: #0000ff;\"><strong><span style=\"font-family: 'Times New Roman', serif; color: #000000;\"><span style=\"font-size: medium;\">\u00bb <\/span><\/span><\/strong><u><a href=\"https:\/\/www.uniklinik-duesseldorf.de\/patienten-besucher\/klinikeninstitutezentren\/klinik-fuer-frauenheilkunde-und-geburtshilfe\" target=\"_blank\" rel=\"noopener\"><span style=\"font-family: Times New Roman, serif;\"><span style=\"font-size: medium;\">Universit\u00e4tsfrauenklinik D\u00fcsseldorf<\/span><\/span><\/a><\/u><\/span><\/p>\n<p class=\"western\"><span style=\"color: #0000ff;\"><strong><span style=\"font-family: 'Times New Roman', serif; color: #000000;\"><span style=\"font-size: medium;\">\u00bb <\/span><\/span><\/strong><u><a href=\"http:\/\/www.dggg.de\/\" target=\"_blank\" rel=\"noopener\"><span style=\"font-family: Times New Roman, serif;\"><span style=\"font-size: medium;\">Deutsche Gesellschaft f\u00fcr Gyn\u00e4kologie und Geburtshilfe e. V. (DGGG)<\/span><\/span><\/a><\/u><\/span><\/p>\n<p class=\"western\"><span style=\"color: #0000ff;\"><strong><span style=\"font-family: 'Times New Roman', serif; color: #000000;\"><span style=\"font-size: medium;\">\u00bb <\/span><\/span><\/strong><u><a href=\"http:\/\/www.jsog.or.jp\/english\/\" target=\"_blank\" rel=\"noopener\"><span style=\"font-family: Times New Roman, serif;\"><span style=\"font-size: medium;\">Japanische Gesellschaft f\u00fcr Gyn\u00e4kologie und Geburtshilfe<\/span><\/span><\/a><\/u><\/span><\/p>\n<p><span style=\"color: #0000ff;\"><strong><span style=\"font-family: 'Times New Roman', serif; color: #000000;\"><span style=\"font-size: medium;\">\u00bb <\/span><\/span><\/strong><\/span><span style=\"text-decoration: underline;\"><a href=\"https:\/\/frauenklinik.charite.de\/\" target=\"_blank\" rel=\"noopener\">Klinik f\u00fcr Gyn\u00e4kologie mit Zentrum f\u00fcr onkologische Chirurgie <\/a><a href=\"https:\/\/frauenklinik.charite.de\/\" target=\"_blank\" rel=\"noopener\">Charit\u00e9 Universit\u00e4tsmedizin Berlin<\/a><\/span><\/p>\n<\/div><\/section><\/p><\/div>\n\n<style type=\"text\/css\" data-created_by=\"avia_inline_auto\" id=\"style-css-av-15nmh-ec5a65625e3004837c395b3f0683ff10\">\n.flex_column.av-15nmh-ec5a65625e3004837c395b3f0683ff10{\nborder-width:1px;\nborder-color:#b5b5b5;\nborder-style:solid;\npadding:20px 20px 20px 20px;\nbackground-color:#efefef;\n}\n<\/style>\n<div class='flex_column av-15nmh-ec5a65625e3004837c395b3f0683ff10 av_two_fifth  avia-builder-el-4  el_after_av_three_fifth  avia-builder-el-last  flex_column_div '     ><p>\n<style type=\"text\/css\" data-created_by=\"avia_inline_auto\" id=\"style-css-av-lornw7sg-68a78a86fc9abc6f7165a1da874205ca\">\n#top .av-special-heading.av-lornw7sg-68a78a86fc9abc6f7165a1da874205ca{\npadding-bottom:10px;\ncolor:#ce2c29;\n}\nbody .av-special-heading.av-lornw7sg-68a78a86fc9abc6f7165a1da874205ca .av-special-heading-tag .heading-char{\nfont-size:25px;\n}\n.av-special-heading.av-lornw7sg-68a78a86fc9abc6f7165a1da874205ca .special-heading-inner-border{\nborder-color:#ce2c29;\n}\n.av-special-heading.av-lornw7sg-68a78a86fc9abc6f7165a1da874205ca .av-subheading{\nfont-size:15px;\n}\n<\/style>\n<div  class='av-special-heading av-lornw7sg-68a78a86fc9abc6f7165a1da874205ca av-special-heading-h3 custom-color-heading blockquote modern-quote  avia-builder-el-5  el_before_av_textblock  avia-builder-el-first '><h3 class='av-special-heading-tag'  itemprop=\"headline\"  >KONTAKT<\/h3><div class=\"special-heading-border\"><div class=\"special-heading-inner-border\"><\/div><\/div><\/div><br \/>\n<section  class='av_textblock_section av-lornuisz-4dc231f7dbd7864539267f15550f70e2'  itemscope=\"itemscope\" itemtype=\"https:\/\/schema.org\/CreativeWork\" ><div class='avia_textblock'  itemprop=\"text\" ><p class=\"p2\"><strong><span class=\"s1\">Vereinssekretariat:<\/span><\/strong><\/p>\n<p class=\"p2\"><span class=\"s1\">Frauenklinik DONAUISAR Klinikum<br \/>\n<\/span>Fr. Y. W\u00fcrziger und Fr. O. Weber<br \/>\n<span class=\"s1\">Perlasberger Str. 41<span class=\"Apple-converted-space\"><br \/>\n<\/span><\/span><span class=\"s1\">94469 Deggendorf <\/span><\/p>\n<p class=\"p2\"><span class=\"s1\">TEL: 0991 380-3151<br \/>\n<\/span><span class=\"s1\">FAX: 0991 380-3169<\/span><\/p>\n<p class=\"p4\"><span class=\"s2\"><a href=\"mailto:sek.frauenklinik.deg@donau-isar-klinikum.de\">sek.frauenklinik.deg@donau-isar-klinikum.de<\/a><\/span><\/p>\n<p class=\"p4\">\n<p class=\"p4\">\n<\/div><\/section><\/p><\/div>\n","protected":false},"excerpt":{"rendered":"","protected":false},"author":1,"featured_media":0,"parent":0,"menu_order":0,"comment_status":"closed","ping_status":"closed","template":"","meta":{"footnotes":""},"class_list":["post-78","page","type-page","status-publish","hentry"],"_links":{"self":[{"href":"https:\/\/djggg.info\/index.php?rest_route=\/wp\/v2\/pages\/78","targetHints":{"allow":["GET"]}}],"collection":[{"href":"https:\/\/djggg.info\/index.php?rest_route=\/wp\/v2\/pages"}],"about":[{"href":"https:\/\/djggg.info\/index.php?rest_route=\/wp\/v2\/types\/page"}],"author":[{"embeddable":true,"href":"https:\/\/djggg.info\/index.php?rest_route=\/wp\/v2\/users\/1"}],"replies":[{"embeddable":true,"href":"https:\/\/djggg.info\/index.php?rest_route=%2Fwp%2Fv2%2Fcomments&post=78"}],"version-history":[{"count":12,"href":"https:\/\/djggg.info\/index.php?rest_route=\/wp\/v2\/pages\/78\/revisions"}],"predecessor-version":[{"id":208,"href":"https:\/\/djggg.info\/index.php?rest_route=\/wp\/v2\/pages\/78\/revisions\/208"}],"wp:attachment":[{"href":"https:\/\/djggg.info\/index.php?rest_route=%2Fwp%2Fv2%2Fmedia&parent=78"}],"curies":[{"name":"wp","href":"https:\/\/api.w.org\/{rel}","templated":true}]}}