{"id":63,"date":"2023-12-04T14:11:19","date_gmt":"2023-12-04T13:11:19","guid":{"rendered":"https:\/\/djggg.info\/?page_id=63"},"modified":"2025-10-31T08:47:10","modified_gmt":"2025-10-31T07:47:10","slug":"aktuelles","status":"publish","type":"page","link":"https:\/\/djggg.info\/?page_id=63","title":{"rendered":"AKTUELLES"},"content":{"rendered":"<div class='flex_column av-12xs9-a3ed436d460575398b736ca624c48d45 av_three_fifth  avia-builder-el-0  el_before_av_two_fifth  avia-builder-el-first  first flex_column_div '     ><p>\n<style type=\"text\/css\" data-created_by=\"avia_inline_auto\" id=\"style-css-av-lorns1pp-55a69396c70561eb543c0000a9c06ca9\">\n#top .av-special-heading.av-lorns1pp-55a69396c70561eb543c0000a9c06ca9{\npadding-bottom:10px;\ncolor:#ce2c29;\n}\nbody .av-special-heading.av-lorns1pp-55a69396c70561eb543c0000a9c06ca9 .av-special-heading-tag .heading-char{\nfont-size:25px;\n}\n.av-special-heading.av-lorns1pp-55a69396c70561eb543c0000a9c06ca9 .special-heading-inner-border{\nborder-color:#ce2c29;\n}\n.av-special-heading.av-lorns1pp-55a69396c70561eb543c0000a9c06ca9 .av-subheading{\nfont-size:15px;\n}\n<\/style>\n<div  class='av-special-heading av-lorns1pp-55a69396c70561eb543c0000a9c06ca9 av-special-heading-h3 custom-color-heading blockquote modern-quote  avia-builder-el-1  el_before_av_textblock  avia-builder-el-first '><h3 class='av-special-heading-tag'  itemprop=\"headline\"  >Aktuelles<\/h3><div class=\"special-heading-border\"><div class=\"special-heading-inner-border\"><\/div><\/div><\/div><br \/>\n<section  class='av_textblock_section av-lpqs630s-67d211ac75a0fb7ff168e096ffba5808'  itemscope=\"itemscope\" itemtype=\"https:\/\/schema.org\/CreativeWork\" ><div class='avia_textblock'  itemprop=\"text\" ><p>Anl\u00e4sslich des n\u00e4chsten Kongresses der Deutschen Gesellschaft f\u00fcr Gyn\u00e4kologie und Geburtshilfe (DGGG) in M\u00fcnchen vom 21.10.2026 bis 24.10.2026 wird unsere Gesellschaft im Rahmen einer wissenschaftlichen Sitzung Vortr\u00e4ge durch die \u201eyoung scientists\u201c aus Japan und Deutschland vorstellen.<\/p>\n<p>Im Anschluss werden drei japanische \u201eyoung scientists\u201c an drei Standorten in Deutschland ihre zweiw\u00f6chige Austauschzeit verbringen.<\/p>\n<p>Der 79. Kongress der japanischen Gesellschaft f\u00fcr Gyn\u00e4kologie und Geburtshilfe (JSOG) wird in Yokohama vom 23.04.2027 &#8211; 25.04.2027 stattfinden.<\/p>\n<p>Die Bewerbung f\u00fcr die Hospitationspl\u00e4tze f\u00fcr das Jahr 2027 in Yokohama kann \u00fcber einen formlosen Antrag erfolgen, hierbei sollte der berufliche und wissenschaftliche Werdegang aufgef\u00fchrt werden, dar\u00fcber hinaus sollten die Beweggr\u00fcnde \u00fcberzeugend dargestellt werden, warum die Hospitation in Japan angestrebt wird. Der Antrag ist bitte per e-mail an das Vereinssekretariat zu richten.<\/p>\n<\/div><\/section><\/p><\/div>\n\n<style type=\"text\/css\" data-created_by=\"avia_inline_auto\" id=\"style-css-av-15nmh-ec5a65625e3004837c395b3f0683ff10\">\n.flex_column.av-15nmh-ec5a65625e3004837c395b3f0683ff10{\nborder-width:1px;\nborder-color:#b5b5b5;\nborder-style:solid;\npadding:20px 20px 20px 20px;\nbackground-color:#efefef;\n}\n<\/style>\n<div class='flex_column av-15nmh-ec5a65625e3004837c395b3f0683ff10 av_two_fifth  avia-builder-el-3  el_after_av_three_fifth  avia-builder-el-last  flex_column_div '     ><p>\n<style type=\"text\/css\" data-created_by=\"avia_inline_auto\" id=\"style-css-av-lornw7sg-68a78a86fc9abc6f7165a1da874205ca\">\n#top .av-special-heading.av-lornw7sg-68a78a86fc9abc6f7165a1da874205ca{\npadding-bottom:10px;\ncolor:#ce2c29;\n}\nbody .av-special-heading.av-lornw7sg-68a78a86fc9abc6f7165a1da874205ca .av-special-heading-tag .heading-char{\nfont-size:25px;\n}\n.av-special-heading.av-lornw7sg-68a78a86fc9abc6f7165a1da874205ca .special-heading-inner-border{\nborder-color:#ce2c29;\n}\n.av-special-heading.av-lornw7sg-68a78a86fc9abc6f7165a1da874205ca .av-subheading{\nfont-size:15px;\n}\n<\/style>\n<div  class='av-special-heading av-lornw7sg-68a78a86fc9abc6f7165a1da874205ca av-special-heading-h3 custom-color-heading blockquote modern-quote  avia-builder-el-4  el_before_av_textblock  avia-builder-el-first '><h3 class='av-special-heading-tag'  itemprop=\"headline\"  >KONTAKT<\/h3><div class=\"special-heading-border\"><div class=\"special-heading-inner-border\"><\/div><\/div><\/div><br \/>\n<section  class='av_textblock_section av-lornuisz-4dc231f7dbd7864539267f15550f70e2'  itemscope=\"itemscope\" itemtype=\"https:\/\/schema.org\/CreativeWork\" ><div class='avia_textblock'  itemprop=\"text\" ><p class=\"p2\"><strong><span class=\"s1\">Vereinssekretariat:<\/span><\/strong><\/p>\n<p class=\"p2\"><span class=\"s1\">Frauenklinik DONAUISAR Klinikum<br \/>\n<\/span>Fr. Y. W\u00fcrziger und Fr. O. Weber<br \/>\n<span class=\"s1\">Perlasberger Str. 41<span class=\"Apple-converted-space\"><br \/>\n<\/span><\/span><span class=\"s1\">94469 Deggendorf <\/span><\/p>\n<p class=\"p2\"><span class=\"s1\">TEL: 0991 380-3151<br \/>\n<\/span><span class=\"s1\">FAX: 0991 380-3169<\/span><\/p>\n<p class=\"p4\"><span class=\"s2\"><a href=\"mailto:sek.frauenklinik.deg@donau-isar-klinikum.de\">sek.frauenklinik.deg@donau-isar-klinikum.de<\/a><\/span><\/p>\n<p class=\"p4\">\n<\/div><\/section><\/p><\/div>\n","protected":false},"excerpt":{"rendered":"","protected":false},"author":1,"featured_media":0,"parent":0,"menu_order":0,"comment_status":"closed","ping_status":"closed","template":"","meta":{"footnotes":""},"class_list":["post-63","page","type-page","status-publish","hentry"],"_links":{"self":[{"href":"https:\/\/djggg.info\/index.php?rest_route=\/wp\/v2\/pages\/63","targetHints":{"allow":["GET"]}}],"collection":[{"href":"https:\/\/djggg.info\/index.php?rest_route=\/wp\/v2\/pages"}],"about":[{"href":"https:\/\/djggg.info\/index.php?rest_route=\/wp\/v2\/types\/page"}],"author":[{"embeddable":true,"href":"https:\/\/djggg.info\/index.php?rest_route=\/wp\/v2\/users\/1"}],"replies":[{"embeddable":true,"href":"https:\/\/djggg.info\/index.php?rest_route=%2Fwp%2Fv2%2Fcomments&post=63"}],"version-history":[{"count":15,"href":"https:\/\/djggg.info\/index.php?rest_route=\/wp\/v2\/pages\/63\/revisions"}],"predecessor-version":[{"id":204,"href":"https:\/\/djggg.info\/index.php?rest_route=\/wp\/v2\/pages\/63\/revisions\/204"}],"wp:attachment":[{"href":"https:\/\/djggg.info\/index.php?rest_route=%2Fwp%2Fv2%2Fmedia&parent=63"}],"curies":[{"name":"wp","href":"https:\/\/api.w.org\/{rel}","templated":true}]}}