{"id":42,"date":"2023-12-04T13:51:25","date_gmt":"2023-12-04T12:51:25","guid":{"rendered":"https:\/\/djggg.info\/?page_id=42"},"modified":"2025-10-31T08:47:40","modified_gmt":"2025-10-31T07:47:40","slug":"vorstand","status":"publish","type":"page","link":"https:\/\/djggg.info\/?page_id=42","title":{"rendered":"VORSTAND"},"content":{"rendered":"<div class='flex_column av-12xs9-a3ed436d460575398b736ca624c48d45 av_three_fifth  avia-builder-el-0  el_before_av_two_fifth  avia-builder-el-first  first flex_column_div '     ><p>\n<style type=\"text\/css\" data-created_by=\"avia_inline_auto\" id=\"style-css-av-lorns1pp-65b101b4f3282c88a0200bce054ca991\">\n#top .av-special-heading.av-lorns1pp-65b101b4f3282c88a0200bce054ca991{\npadding-bottom:10px;\ncolor:#ce2c29;\n}\nbody .av-special-heading.av-lorns1pp-65b101b4f3282c88a0200bce054ca991 .av-special-heading-tag .heading-char{\nfont-size:25px;\n}\n.av-special-heading.av-lorns1pp-65b101b4f3282c88a0200bce054ca991 .special-heading-inner-border{\nborder-color:#ce2c29;\n}\n.av-special-heading.av-lorns1pp-65b101b4f3282c88a0200bce054ca991 .av-subheading{\nfont-size:15px;\n}\n<\/style>\n<div  class='av-special-heading av-lorns1pp-65b101b4f3282c88a0200bce054ca991 av-special-heading-h3 custom-color-heading blockquote modern-quote  avia-builder-el-1  el_before_av_textblock  avia-builder-el-first '><h3 class='av-special-heading-tag'  itemprop=\"headline\"  >Vorstand<\/h3><div class=\"special-heading-border\"><div class=\"special-heading-inner-border\"><\/div><\/div><\/div><br \/>\n<section  class='av_textblock_section av-lpqs630s-67d211ac75a0fb7ff168e096ffba5808'  itemscope=\"itemscope\" itemtype=\"https:\/\/schema.org\/CreativeWork\" ><div class='avia_textblock'  itemprop=\"text\" ><p>Folgende Personen bilden den aktuellen Vorstand der Deutsch-Japanischen Gesellschaft f\u00fcr Gyn\u00e4kologie und Geburtshilfe:<\/p>\n<\/div><\/section><br \/>\n\n<style type=\"text\/css\" data-created_by=\"avia_inline_auto\" id=\"style-css-av-1j2tq-7860d9984377befadae7cbbfd11ad286\">\n#top .hr.hr-invisible.av-1j2tq-7860d9984377befadae7cbbfd11ad286{\nheight:25px;\n}\n<\/style>\n<div  class='hr av-1j2tq-7860d9984377befadae7cbbfd11ad286 hr-invisible  avia-builder-el-3  el_after_av_textblock  el_before_av_textblock '><span class='hr-inner '><span class=\"hr-inner-style\"><\/span><\/span><\/div><br \/>\n<section  class='av_textblock_section av-lpqwxmhm-f7a48d883fa6c2dd871874ff7957a5aa'  itemscope=\"itemscope\" itemtype=\"https:\/\/schema.org\/CreativeWork\" ><div class='avia_textblock'  itemprop=\"text\" ><div>\n<p><strong>1. Vorsitzender:<\/strong><\/p>\n<p>Prof. Dr. W.C. Kuhn<\/p>\n<\/div>\n<div>Chefarzt der Frauenklinik, DonauIsar Klinikum Deggendorf<\/div>\n<div>Telefon: 0991 \/ 380 \u2013 3151<br \/>\nE-Mail: <a href=\"mailto:sek.frauenklinik.deg@donau-isar-klinikum.de\">sek.frauenklinik.deg@donau-isar-klinikum.de<\/a><\/div>\n<div>\n<p>\u00bb <a href=\"https:\/\/www.donau-isar-klinikum.de\/kliniken-institute\/deggendorf\/operat.-gynkologie-gyn.-onkologie-geburtshilfe-perinatalzentrum\/\" target=\"_blank\" rel=\"noopener\">Homepage<\/a><\/p>\n<\/div>\n<\/div><\/section><br \/>\n\n<style type=\"text\/css\" data-created_by=\"avia_inline_auto\" id=\"style-css-av-1635m-1b7462da035c21860e98456e05db961c\">\n#top .hr.hr-invisible.av-1635m-1b7462da035c21860e98456e05db961c{\nheight:25px;\n}\n<\/style>\n<div  class='hr av-1635m-1b7462da035c21860e98456e05db961c hr-invisible  avia-builder-el-5  el_after_av_textblock  el_before_av_textblock '><span class='hr-inner '><span class=\"hr-inner-style\"><\/span><\/span><\/div><br \/>\n<section  class='av_textblock_section av-lpqxdk26-f2e2074ff626cc218e9c21f5d6f4feca'  itemscope=\"itemscope\" itemtype=\"https:\/\/schema.org\/CreativeWork\" ><div class='avia_textblock'  itemprop=\"text\" ><div><\/div>\n<div>\n<p><strong>1. Stellvertreter:<\/strong><\/p>\n<\/div>\n<div>\n<p>Frau Prof. Dr. T. N. Fehm<\/p>\n<\/div>\n<div>Direktorin der Universit\u00e4ts-Frauenklinik D\u00fcsseldorf<\/div>\n<div>Telefon: 0211 \/ 81-17501<br \/>\nE-Mail: <a href=\"mailto:direktion.frauenklinik@uni-duesseldorf.de\">direktion.frauenklinik@uni-duesseldorf.de<\/a><\/p>\n<\/div>\n<div>\n<p>\u00bb <a href=\"https:\/\/www.uniklinik-duesseldorf.de\/patienten-besucher\/klinikeninstitutezentren\/klinik-fuer-frauenheilkunde-und-geburtshilfe\/unser-team\/klinikleitung\" target=\"_blank\" rel=\"noopener\">Homepage\u00a0<\/a><\/p>\n<\/div>\n<\/div><\/section><br \/>\n\n<style type=\"text\/css\" data-created_by=\"avia_inline_auto\" id=\"style-css-av-r4ni-34978d5fe5171cf9ce50f360995f7fcc\">\n#top .hr.hr-invisible.av-r4ni-34978d5fe5171cf9ce50f360995f7fcc{\nheight:25px;\n}\n<\/style>\n<div  class='hr av-r4ni-34978d5fe5171cf9ce50f360995f7fcc hr-invisible  avia-builder-el-7  el_after_av_textblock  el_before_av_textblock '><span class='hr-inner '><span class=\"hr-inner-style\"><\/span><\/span><\/div><br \/>\n<section  class='av_textblock_section av-lpqxefo5-98a9885ae3aa9266dedd59ace24e3834'  itemscope=\"itemscope\" itemtype=\"https:\/\/schema.org\/CreativeWork\" ><div class='avia_textblock'  itemprop=\"text\" ><div><\/div>\n<div><\/div>\n<div>\n<p><strong>Schatzmeister<\/strong><\/p>\n<\/div>\n<div>\n<p style=\"font-weight: 400;\">Prof. \u00a0Dr. K. Pietzner.<br \/>\nKlinik f\u00fcr Gyn\u00e4kologiemit Zentrum f\u00fcr onkologische Chirurgie<br \/>\nCharit\u00e9 Universit\u00e4tsmedizin Berlin<\/p>\n<p style=\"font-weight: 400;\">Telefon +49 (30) 450 564 386<br \/>\nE-Mail:\u00a0<a href=\"mailto:klaus.pietzner@charite.de\">klaus.pietzner@charite.de<\/a><\/p>\n<\/div>\n<div><\/div>\n<div>\u00bb<a href=\"https:\/\/frauenklinik.charite.de\/\" target=\"_blank\" rel=\"noopener\"> Homepage<\/a><\/div>\n<\/div><\/section><\/p><\/div>\n\n<style type=\"text\/css\" data-created_by=\"avia_inline_auto\" id=\"style-css-av-15nmh-ec5a65625e3004837c395b3f0683ff10\">\n.flex_column.av-15nmh-ec5a65625e3004837c395b3f0683ff10{\nborder-width:1px;\nborder-color:#b5b5b5;\nborder-style:solid;\npadding:20px 20px 20px 20px;\nbackground-color:#efefef;\n}\n<\/style>\n<div class='flex_column av-15nmh-ec5a65625e3004837c395b3f0683ff10 av_two_fifth  avia-builder-el-9  el_after_av_three_fifth  avia-builder-el-last  flex_column_div '     ><p>\n<style type=\"text\/css\" data-created_by=\"avia_inline_auto\" id=\"style-css-av-lornw7sg-68a78a86fc9abc6f7165a1da874205ca\">\n#top .av-special-heading.av-lornw7sg-68a78a86fc9abc6f7165a1da874205ca{\npadding-bottom:10px;\ncolor:#ce2c29;\n}\nbody .av-special-heading.av-lornw7sg-68a78a86fc9abc6f7165a1da874205ca .av-special-heading-tag .heading-char{\nfont-size:25px;\n}\n.av-special-heading.av-lornw7sg-68a78a86fc9abc6f7165a1da874205ca .special-heading-inner-border{\nborder-color:#ce2c29;\n}\n.av-special-heading.av-lornw7sg-68a78a86fc9abc6f7165a1da874205ca .av-subheading{\nfont-size:15px;\n}\n<\/style>\n<div  class='av-special-heading av-lornw7sg-68a78a86fc9abc6f7165a1da874205ca av-special-heading-h3 custom-color-heading blockquote modern-quote  avia-builder-el-10  el_before_av_textblock  avia-builder-el-first '><h3 class='av-special-heading-tag'  itemprop=\"headline\"  >KONTAKT<\/h3><div class=\"special-heading-border\"><div class=\"special-heading-inner-border\"><\/div><\/div><\/div><br \/>\n<section  class='av_textblock_section av-lornuisz-4dc231f7dbd7864539267f15550f70e2'  itemscope=\"itemscope\" itemtype=\"https:\/\/schema.org\/CreativeWork\" ><div class='avia_textblock'  itemprop=\"text\" ><p class=\"p2\"><strong><span class=\"s1\">Vereinssekretariat:<\/span><\/strong><\/p>\n<p class=\"p2\"><span class=\"s1\">Frauenklinik DONAUISAR Klinikum<br \/>\n<\/span>Fr. Y. W\u00fcrziger und Fr. O. Weber<br \/>\n<span class=\"s1\">Perlasberger Str. 41<span class=\"Apple-converted-space\"><br \/>\n<\/span><\/span><span class=\"s1\">94469 Deggendorf <\/span><\/p>\n<p class=\"p2\"><span class=\"s1\">TEL: 0991 380-3151<br \/>\n<\/span><span class=\"s1\">FAX: 0991 380-3169<\/span><\/p>\n<p class=\"p4\"><span class=\"s2\"><a href=\"mailto:sek.frauenklinik.deg@donau-isar-klinikum.de\">sek.frauenklinik.deg@donau-isar-klinikum.de<\/a><\/span><\/p>\n<p class=\"p4\">\n<p class=\"p4\">\n<\/div><\/section><\/p><\/div>\n","protected":false},"excerpt":{"rendered":"","protected":false},"author":1,"featured_media":0,"parent":0,"menu_order":0,"comment_status":"closed","ping_status":"closed","template":"","meta":{"footnotes":""},"class_list":["post-42","page","type-page","status-publish","hentry"],"_links":{"self":[{"href":"https:\/\/djggg.info\/index.php?rest_route=\/wp\/v2\/pages\/42","targetHints":{"allow":["GET"]}}],"collection":[{"href":"https:\/\/djggg.info\/index.php?rest_route=\/wp\/v2\/pages"}],"about":[{"href":"https:\/\/djggg.info\/index.php?rest_route=\/wp\/v2\/types\/page"}],"author":[{"embeddable":true,"href":"https:\/\/djggg.info\/index.php?rest_route=\/wp\/v2\/users\/1"}],"replies":[{"embeddable":true,"href":"https:\/\/djggg.info\/index.php?rest_route=%2Fwp%2Fv2%2Fcomments&post=42"}],"version-history":[{"count":13,"href":"https:\/\/djggg.info\/index.php?rest_route=\/wp\/v2\/pages\/42\/revisions"}],"predecessor-version":[{"id":206,"href":"https:\/\/djggg.info\/index.php?rest_route=\/wp\/v2\/pages\/42\/revisions\/206"}],"wp:attachment":[{"href":"https:\/\/djggg.info\/index.php?rest_route=%2Fwp%2Fv2%2Fmedia&parent=42"}],"curies":[{"name":"wp","href":"https:\/\/api.w.org\/{rel}","templated":true}]}}