{"id":13,"date":"2023-11-09T21:18:45","date_gmt":"2023-11-09T20:18:45","guid":{"rendered":"https:\/\/djggg.info\/?page_id=13"},"modified":"2025-10-31T08:41:01","modified_gmt":"2025-10-31T07:41:01","slug":"start","status":"publish","type":"page","link":"https:\/\/djggg.info\/","title":{"rendered":"START"},"content":{"rendered":"<div class='flex_column av-12xs9-a3ed436d460575398b736ca624c48d45 av_three_fifth  avia-builder-el-0  el_before_av_two_fifth  avia-builder-el-first  first flex_column_div '     ><p>\n<style type=\"text\/css\" data-created_by=\"avia_inline_auto\" id=\"style-css-av-lorns1pp-28fb50803b626acfcad28022527f8782\">\n#top .av-special-heading.av-lorns1pp-28fb50803b626acfcad28022527f8782{\npadding-bottom:10px;\ncolor:#ce2c29;\n}\nbody .av-special-heading.av-lorns1pp-28fb50803b626acfcad28022527f8782 .av-special-heading-tag .heading-char{\nfont-size:25px;\n}\n.av-special-heading.av-lorns1pp-28fb50803b626acfcad28022527f8782 .special-heading-inner-border{\nborder-color:#ce2c29;\n}\n.av-special-heading.av-lorns1pp-28fb50803b626acfcad28022527f8782 .av-subheading{\nfont-size:15px;\n}\n<\/style>\n<div  class='av-special-heading av-lorns1pp-28fb50803b626acfcad28022527f8782 av-special-heading-h3 custom-color-heading blockquote modern-quote  avia-builder-el-1  el_before_av_textblock  avia-builder-el-first '><h3 class='av-special-heading-tag'  itemprop=\"headline\"  >Herzlich willkommen <\/h3><div class='av_custom_color av-subheading av-subheading_below'><p>DJGGG \u2013 Verein der Freunde und F\u00f6rderer der Deutsch-Japanischen Zusammenarbeit auf dem Gebiet der Gyn\u00e4kologie und Geburtshilfe, e. V.<\/p>\n<\/div><div class=\"special-heading-border\"><div class=\"special-heading-inner-border\"><\/div><\/div><\/div><br \/>\n<section  class='av_textblock_section av-lpqs630s-67d211ac75a0fb7ff168e096ffba5808'  itemscope=\"itemscope\" itemtype=\"https:\/\/schema.org\/CreativeWork\" ><div class='avia_textblock'  itemprop=\"text\" ><p>Sehr geehrte, interessierte Leserinnen und Leser dieser Internet Seiten,<\/p>\n<p>die Corona-Pandemie der Jahre 2020-2022 hat die Arbeit der Deutsch-Japanischen Gesellschaft f\u00fcr Gyn\u00e4kologie und Geburtshilfe sehr erschwert, sodass die im Mittelpunkt stehende Zielsetzung der Gesellschaft, die direkte Kommunikation und der Austausch zwischen den japanischen und deutschen Kolleginnen und Kollegen aus dem Bereich der Gyn\u00e4kologie und Geburtshilfe nur eingeschr\u00e4nkt umsetzbar war. Die mittlerweile wieder weitgehend eingekehrte Normalit\u00e4t ist f\u00fcr uns alle eine gro\u00dfe Freude und wir sind \u00fcberaus motiviert, die fruchtvollen Aktivit\u00e4ten unserer Gesellschaft w\u00e4hrend der letzten drei Jahrzehnte fort zu entwickeln.<\/p>\n<p>Wir freuen uns \u00fcber Ihr Interesse an unserer Gesellschaft, im Folgenden d\u00fcrfen wir uns vorstellen und sind f\u00fcr Kommentare und Anmerkungen dankbar.<\/p>\n<\/div><\/section><br \/>\n\n<style type=\"text\/css\" data-created_by=\"avia_inline_auto\" id=\"style-css-av-lpqwkqk3-201edb5cc42e368c9eebf4949d93b818\">\n.avia-image-container.av-lpqwkqk3-201edb5cc42e368c9eebf4949d93b818 img.avia_image{\nbox-shadow:none;\n}\n.avia-image-container.av-lpqwkqk3-201edb5cc42e368c9eebf4949d93b818 .av-image-caption-overlay-center{\ncolor:#ffffff;\n}\n<\/style>\n<div  class='avia-image-container av-lpqwkqk3-201edb5cc42e368c9eebf4949d93b818 av-styling- avia-align-left  avia-builder-el-3  el_after_av_textblock  el_before_av_textblock '   itemprop=\"image\" itemscope=\"itemscope\" itemtype=\"https:\/\/schema.org\/ImageObject\" ><div class=\"avia-image-container-inner\"><div class=\"avia-image-overlay-wrap\"><img decoding=\"async\" class='wp-image-29 avia-img-lazy-loading-not-29 avia_image ' src=\"https:\/\/djggg.info\/wp-content\/uploads\/2023\/12\/kuhn.png\" alt='' title='kuhn'  height=\"100\" width=\"165\"  itemprop=\"thumbnailUrl\"  \/><\/div><\/div><\/div><br \/>\n<section  class='av_textblock_section av-lpqwm6vk-08c03958a10128f7e50576485e763356'  itemscope=\"itemscope\" itemtype=\"https:\/\/schema.org\/CreativeWork\" ><div class='avia_textblock'  itemprop=\"text\" ><p><strong>Prof. Dr. med. Walther Kuhn<\/strong><br \/>\n1. Vorsitzender der Deutsch-Japanischen Gesellschaft f\u00fcr Gyn\u00e4kologie und Geburtshilfe<\/p>\n<\/div><\/section><\/p><\/div>\n\n<style type=\"text\/css\" data-created_by=\"avia_inline_auto\" id=\"style-css-av-15nmh-ec5a65625e3004837c395b3f0683ff10\">\n.flex_column.av-15nmh-ec5a65625e3004837c395b3f0683ff10{\nborder-width:1px;\nborder-color:#b5b5b5;\nborder-style:solid;\npadding:20px 20px 20px 20px;\nbackground-color:#efefef;\n}\n<\/style>\n<div class='flex_column av-15nmh-ec5a65625e3004837c395b3f0683ff10 av_two_fifth  avia-builder-el-5  el_after_av_three_fifth  avia-builder-el-last  flex_column_div '     ><p>\n<style type=\"text\/css\" data-created_by=\"avia_inline_auto\" id=\"style-css-av-lornw7sg-68a78a86fc9abc6f7165a1da874205ca\">\n#top .av-special-heading.av-lornw7sg-68a78a86fc9abc6f7165a1da874205ca{\npadding-bottom:10px;\ncolor:#ce2c29;\n}\nbody .av-special-heading.av-lornw7sg-68a78a86fc9abc6f7165a1da874205ca .av-special-heading-tag .heading-char{\nfont-size:25px;\n}\n.av-special-heading.av-lornw7sg-68a78a86fc9abc6f7165a1da874205ca .special-heading-inner-border{\nborder-color:#ce2c29;\n}\n.av-special-heading.av-lornw7sg-68a78a86fc9abc6f7165a1da874205ca .av-subheading{\nfont-size:15px;\n}\n<\/style>\n<div  class='av-special-heading av-lornw7sg-68a78a86fc9abc6f7165a1da874205ca av-special-heading-h3 custom-color-heading blockquote modern-quote  avia-builder-el-6  el_before_av_textblock  avia-builder-el-first '><h3 class='av-special-heading-tag'  itemprop=\"headline\"  >KONTAKT<\/h3><div class=\"special-heading-border\"><div class=\"special-heading-inner-border\"><\/div><\/div><\/div><br \/>\n<section  class='av_textblock_section av-lornuisz-4dc231f7dbd7864539267f15550f70e2'  itemscope=\"itemscope\" itemtype=\"https:\/\/schema.org\/CreativeWork\" ><div class='avia_textblock'  itemprop=\"text\" ><p class=\"p2\"><strong><span class=\"s1\">Vereinssekretariat:<\/span><\/strong><\/p>\n<p class=\"p2\"><span class=\"s1\">Frauenklinik DONAUISAR Klinikum<br \/>\n<\/span>Fr. Y. W\u00fcrziger und Fr. O. Weber<br \/>\n<span class=\"s1\">Perlasberger Str. 41<span class=\"Apple-converted-space\"><br \/>\n<\/span><\/span><span class=\"s1\">94469 Deggendorf<span class=\"Apple-converted-space\">\u00a0<\/span><\/span><\/p>\n<p class=\"p2\"><span class=\"s1\">TEL: 0991 380-3151<br \/>\n<\/span><span class=\"s1\">FAX: 0991 380-3169<\/span><\/p>\n<p class=\"p4\"><span class=\"s2\"><a href=\"mailto:sek.frauenklinik.deg@donau-isar-klinikum.de\">sek.frauenklinik.deg@donau-isar-klinikum.de<\/a><\/span><\/p>\n<\/div><\/section><br \/>\n\n<style type=\"text\/css\" data-created_by=\"avia_inline_auto\" id=\"style-css-av-lpqyohna-8b143beea3f6826af0e26e74b4ce738d\">\n#top .hr.hr-invisible.av-lpqyohna-8b143beea3f6826af0e26e74b4ce738d{\nheight:25px;\n}\n<\/style>\n<div  class='hr av-lpqyohna-8b143beea3f6826af0e26e74b4ce738d hr-invisible  avia-builder-el-8  el_after_av_textblock  el_before_av_image '><span class='hr-inner '><span class=\"hr-inner-style\"><\/span><\/span><\/div><br \/>\n\n<style type=\"text\/css\" data-created_by=\"avia_inline_auto\" id=\"style-css-av-lpqyo2lb-09cc506decd39cafc6d533935adb9278\">\n.avia-image-container.av-lpqyo2lb-09cc506decd39cafc6d533935adb9278 img.avia_image{\nbox-shadow:none;\n}\n.avia-image-container.av-lpqyo2lb-09cc506decd39cafc6d533935adb9278 .av-image-caption-overlay-center{\ncolor:#ffffff;\n}\n<\/style>\n<div  class='avia-image-container av-lpqyo2lb-09cc506decd39cafc6d533935adb9278 av-styling- avia-align-center  avia-builder-el-9  el_after_av_hr  avia-builder-el-last '   itemprop=\"image\" itemscope=\"itemscope\" itemtype=\"https:\/\/schema.org\/ImageObject\" ><div class=\"avia-image-container-inner\"><div class=\"avia-image-overlay-wrap\"><img decoding=\"async\" class='wp-image-72 avia-img-lazy-loading-not-72 avia_image ' src=\"https:\/\/djggg.info\/wp-content\/uploads\/2023\/12\/djggg-image-001.png\" alt='' title='djggg-image 001'  height=\"623\" width=\"923\"  itemprop=\"thumbnailUrl\" srcset=\"https:\/\/djggg.info\/wp-content\/uploads\/2023\/12\/djggg-image-001.png 923w, https:\/\/djggg.info\/wp-content\/uploads\/2023\/12\/djggg-image-001-300x202.png 300w, https:\/\/djggg.info\/wp-content\/uploads\/2023\/12\/djggg-image-001-768x518.png 768w, https:\/\/djggg.info\/wp-content\/uploads\/2023\/12\/djggg-image-001-705x476.png 705w\" sizes=\"(max-width: 923px) 100vw, 923px\" \/><\/div><\/div><\/div><\/p><\/div>\n","protected":false},"excerpt":{"rendered":"","protected":false},"author":1,"featured_media":0,"parent":0,"menu_order":0,"comment_status":"closed","ping_status":"closed","template":"","meta":{"footnotes":""},"class_list":["post-13","page","type-page","status-publish","hentry"],"_links":{"self":[{"href":"https:\/\/djggg.info\/index.php?rest_route=\/wp\/v2\/pages\/13","targetHints":{"allow":["GET"]}}],"collection":[{"href":"https:\/\/djggg.info\/index.php?rest_route=\/wp\/v2\/pages"}],"about":[{"href":"https:\/\/djggg.info\/index.php?rest_route=\/wp\/v2\/types\/page"}],"author":[{"embeddable":true,"href":"https:\/\/djggg.info\/index.php?rest_route=\/wp\/v2\/users\/1"}],"replies":[{"embeddable":true,"href":"https:\/\/djggg.info\/index.php?rest_route=%2Fwp%2Fv2%2Fcomments&post=13"}],"version-history":[{"count":18,"href":"https:\/\/djggg.info\/index.php?rest_route=\/wp\/v2\/pages\/13\/revisions"}],"predecessor-version":[{"id":194,"href":"https:\/\/djggg.info\/index.php?rest_route=\/wp\/v2\/pages\/13\/revisions\/194"}],"wp:attachment":[{"href":"https:\/\/djggg.info\/index.php?rest_route=%2Fwp%2Fv2%2Fmedia&parent=13"}],"curies":[{"name":"wp","href":"https:\/\/api.w.org\/{rel}","templated":true}]}}